{"id":3744,"date":"2021-12-06T13:13:10","date_gmt":"2021-12-06T10:13:10","guid":{"rendered":"http:\/\/batiegemermer.com\/?page_id=3744"},"modified":"2023-03-27T17:35:56","modified_gmt":"2023-03-27T14:35:56","slug":"media","status":"publish","type":"page","link":"https:\/\/batiegemermer.com\/en\/media\/","title":{"rendered":"Media"},"content":{"rendered":"<div id='av_section_1'  class='avia-section av-2q73ow-13ea141937528db56e435dcd9a0fdf83 main_color avia-section-default avia-no-border-styling  avia-builder-el-0  avia-builder-el-no-sibling  avia-bg-style-scroll  container_wrap fullsize'  ><div class='container av-section-cont-open' ><main  role=\"main\" itemprop=\"mainContentOfPage\"  class='template-page content  av-content-full alpha units'><div class='post-entry post-entry-type-page post-entry-3744'><div class='entry-content-wrapper clearfix'>\n<div   data-autoplay=''  data-interval='5'  data-animation='fade'  data-show_slide_delay='90'  class='avia-content-slider avia-content-grid-active avia-content-slider1 avia-content-slider-odd  avia-builder-el-1  avia-builder-el-no-sibling  '  itemscope=\"itemscope\" itemtype=\"https:\/\/schema.org\/Blog\" ><div class='avia-content-slider-inner'><div class='slide-entry-wrap'><article class='slide-entry flex_column  post-entry post-entry-4252 slide-entry-overview slide-loop-1 slide-parity-odd  av_one_third first real-thumbnail post-format-standard'  itemscope=\"itemscope\" itemtype=\"https:\/\/schema.org\/CreativeWork\" ><a href='https:\/\/batiegemermer.com\/en\/second-highest-natural-stone-exporter-of-the-year-2022\/' data-rel='slide-1' class='slide-image' title='Second Highest Natural Stone Exporter of the Year 2022'><img width=\"400\" height=\"400\" src=\"https:\/\/batiegemermer.com\/en\/wp-content\/uploads\/2024\/06\/2022odul-2.jpg\" class=\"wp-image-4263 avia-img-lazy-loading-not-4263 attachment-portfolio size-portfolio wp-post-image\" alt=\"\" \/><\/a><div class='slide-content'><header class=\"entry-content-header\"><h3 class='slide-entry-title entry-title '  itemprop=\"headline\" ><a href='https:\/\/batiegemermer.com\/en\/second-highest-natural-stone-exporter-of-the-year-2022\/' title='Second Highest Natural Stone Exporter of the Year 2022'>Second Highest Natural Stone Exporter of the Year 2022<\/a><\/h3><span class=\"av-vertical-delimiter\"><\/span><\/header><\/div><footer class=\"entry-footer\"><\/footer><span class='hidden'>\n\t\t\t\t<span class='av-structured-data'  itemprop=\"image\" itemscope=\"itemscope\" itemtype=\"https:\/\/schema.org\/ImageObject\" >\n\t\t\t\t\t\t<span itemprop='url'>https:\/\/batiegemermer.com\/en\/wp-content\/uploads\/2024\/06\/2022odul-2.jpg<\/span>\n\t\t\t\t\t\t<span itemprop='height'>1080<\/span>\n\t\t\t\t\t\t<span itemprop='width'>1080<\/span>\n\t\t\t\t<\/span>\n\t\t\t\t<span class='av-structured-data'  itemprop=\"publisher\" itemtype=\"https:\/\/schema.org\/Organization\" itemscope=\"itemscope\" >\n\t\t\t\t\t\t<span itemprop='name'>batiegemermer<\/span>\n\t\t\t\t\t\t<span itemprop='logo' itemscope itemtype='https:\/\/schema.org\/ImageObject'>\n\t\t\t\t\t\t\t<span itemprop='url'>https:\/\/batiegemermer.com\/wp-content\/uploads\/2021\/11\/bati-ege-mermer-logo.png<\/span>\n\t\t\t\t\t\t <\/span>\n\t\t\t\t<\/span><span class='av-structured-data'  itemprop=\"author\" itemscope=\"itemscope\" itemtype=\"https:\/\/schema.org\/Person\" ><span itemprop='name'>batiegemermer<\/span><\/span><span class='av-structured-data'  itemprop=\"datePublished\" datetime=\"2021-12-06T13:13:10+03:00\" >2024-06-12 08:28:16<\/span><span class='av-structured-data'  itemprop=\"dateModified\" itemtype=\"https:\/\/schema.org\/dateModified\" >2024-06-12 08:42:28<\/span><span class='av-structured-data'  itemprop=\"mainEntityOfPage\" itemtype=\"https:\/\/schema.org\/mainEntityOfPage\" ><span itemprop='name'>Second Highest Natural Stone Exporter of the Year 2022<\/span><\/span><\/span><\/article><article class='slide-entry flex_column  post-entry post-entry-4258 slide-entry-overview slide-loop-2 slide-parity-even  av_one_third  real-thumbnail post-format-standard'  itemscope=\"itemscope\" itemtype=\"https:\/\/schema.org\/CreativeWork\" ><a href='https:\/\/batiegemermer.com\/en\/we-are-glad-to-be-awarded-as-the-1st-company-which-is-most-exporting-natural-stones\/' data-rel='slide-1' class='slide-image' title='We are glad to be awarded as the 1st company which is most exporting natural stones.'><img width=\"400\" height=\"400\" src=\"https:\/\/batiegemermer.com\/en\/wp-content\/uploads\/2024\/06\/Haber-02.jpg\" class=\"wp-image-4253 avia-img-lazy-loading-not-4253 attachment-portfolio size-portfolio wp-post-image\" alt=\"\" \/><\/a><div class='slide-content'><header class=\"entry-content-header\"><h3 class='slide-entry-title entry-title '  itemprop=\"headline\" ><a href='https:\/\/batiegemermer.com\/en\/we-are-glad-to-be-awarded-as-the-1st-company-which-is-most-exporting-natural-stones\/' title='We are glad to be awarded as the 1st company which is most exporting natural stones.'>We are glad to be awarded as the 1st company which is most exporting natural stones.<\/a><\/h3><span class=\"av-vertical-delimiter\"><\/span><\/header><\/div><footer class=\"entry-footer\"><\/footer><span class='hidden'>\n\t\t\t\t<span class='av-structured-data'  itemprop=\"image\" itemscope=\"itemscope\" itemtype=\"https:\/\/schema.org\/ImageObject\" >\n\t\t\t\t\t\t<span itemprop='url'>https:\/\/batiegemermer.com\/en\/wp-content\/uploads\/2024\/06\/Haber-02.jpg<\/span>\n\t\t\t\t\t\t<span itemprop='height'>1080<\/span>\n\t\t\t\t\t\t<span itemprop='width'>1080<\/span>\n\t\t\t\t<\/span>\n\t\t\t\t<span class='av-structured-data'  itemprop=\"publisher\" itemtype=\"https:\/\/schema.org\/Organization\" itemscope=\"itemscope\" >\n\t\t\t\t\t\t<span itemprop='name'>batiegemermer<\/span>\n\t\t\t\t\t\t<span itemprop='logo' itemscope itemtype='https:\/\/schema.org\/ImageObject'>\n\t\t\t\t\t\t\t<span itemprop='url'>https:\/\/batiegemermer.com\/wp-content\/uploads\/2021\/11\/bati-ege-mermer-logo.png<\/span>\n\t\t\t\t\t\t <\/span>\n\t\t\t\t<\/span><span class='av-structured-data'  itemprop=\"author\" itemscope=\"itemscope\" itemtype=\"https:\/\/schema.org\/Person\" ><span itemprop='name'>batiegemermer<\/span><\/span><span class='av-structured-data'  itemprop=\"datePublished\" datetime=\"2021-12-06T13:13:10+03:00\" >2024-05-12 08:38:11<\/span><span class='av-structured-data'  itemprop=\"dateModified\" itemtype=\"https:\/\/schema.org\/dateModified\" >2024-06-12 08:38:22<\/span><span class='av-structured-data'  itemprop=\"mainEntityOfPage\" itemtype=\"https:\/\/schema.org\/mainEntityOfPage\" ><span itemprop='name'>We are glad to be awarded as the 1st company which is most exporting natural stones.<\/span><\/span><\/span><\/article><article class='slide-entry flex_column  post-entry post-entry-3981 slide-entry-overview slide-loop-3 slide-parity-odd  av_one_third  real-thumbnail post-format-standard'  itemscope=\"itemscope\" itemtype=\"https:\/\/schema.org\/CreativeWork\" ><a href='https:\/\/batiegemermer.com\/en\/maden-ihracatinin-yildizlari-odul-toreni-2019\/' data-rel='slide-1' class='slide-image' title='Maden ihracat\u0131n\u0131n Y\u0131ld\u0131zlar\u0131 \u00d6d\u00fcl T\u00f6reni 2019'><img width=\"495\" height=\"400\" src=\"https:\/\/batiegemermer.com\/en\/wp-content\/uploads\/2022\/01\/Maden-ihracatinin-Yildizlari-Odul-Toreni-2019-2-495x400.jpeg\" class=\"wp-image-3962 avia-img-lazy-loading-not-3962 attachment-portfolio size-portfolio wp-post-image\" alt=\"\" srcset=\"https:\/\/batiegemermer.com\/en\/wp-content\/uploads\/2022\/01\/Maden-ihracatinin-Yildizlari-Odul-Toreni-2019-2-495x400.jpeg 495w, https:\/\/batiegemermer.com\/en\/wp-content\/uploads\/2022\/01\/Maden-ihracatinin-Yildizlari-Odul-Toreni-2019-2-845x684.jpeg 845w\" sizes=\"(max-width: 495px) 100vw, 495px\" \/><\/a><div class='slide-content'><header class=\"entry-content-header\"><h3 class='slide-entry-title entry-title '  itemprop=\"headline\" ><a href='https:\/\/batiegemermer.com\/en\/maden-ihracatinin-yildizlari-odul-toreni-2019\/' title='Maden ihracat\u0131n\u0131n Y\u0131ld\u0131zlar\u0131 \u00d6d\u00fcl T\u00f6reni 2019'>Maden ihracat\u0131n\u0131n Y\u0131ld\u0131zlar\u0131 \u00d6d\u00fcl T\u00f6reni 2019<\/a><\/h3><span class=\"av-vertical-delimiter\"><\/span><\/header><\/div><footer class=\"entry-footer\"><\/footer><span class='hidden'>\n\t\t\t\t<span class='av-structured-data'  itemprop=\"image\" itemscope=\"itemscope\" itemtype=\"https:\/\/schema.org\/ImageObject\" >\n\t\t\t\t\t\t<span itemprop='url'>https:\/\/batiegemermer.com\/en\/wp-content\/uploads\/2022\/01\/Maden-ihracatinin-Yildizlari-Odul-Toreni-2019-2.jpeg<\/span>\n\t\t\t\t\t\t<span itemprop='height'>1600<\/span>\n\t\t\t\t\t\t<span itemprop='width'>900<\/span>\n\t\t\t\t<\/span>\n\t\t\t\t<span class='av-structured-data'  itemprop=\"publisher\" itemtype=\"https:\/\/schema.org\/Organization\" itemscope=\"itemscope\" >\n\t\t\t\t\t\t<span itemprop='name'>Lcv_Bti_eGe_Adm<\/span>\n\t\t\t\t\t\t<span itemprop='logo' itemscope itemtype='https:\/\/schema.org\/ImageObject'>\n\t\t\t\t\t\t\t<span itemprop='url'>https:\/\/batiegemermer.com\/wp-content\/uploads\/2021\/11\/bati-ege-mermer-logo.png<\/span>\n\t\t\t\t\t\t <\/span>\n\t\t\t\t<\/span><span class='av-structured-data'  itemprop=\"author\" itemscope=\"itemscope\" itemtype=\"https:\/\/schema.org\/Person\" ><span itemprop='name'>Lcv_Bti_eGe_Adm<\/span><\/span><span class='av-structured-data'  itemprop=\"datePublished\" datetime=\"2021-12-06T13:13:10+03:00\" >2022-01-06 13:24:05<\/span><span class='av-structured-data'  itemprop=\"dateModified\" itemtype=\"https:\/\/schema.org\/dateModified\" >2022-01-06 13:24:20<\/span><span class='av-structured-data'  itemprop=\"mainEntityOfPage\" itemtype=\"https:\/\/schema.org\/mainEntityOfPage\" ><span itemprop='name'>Maden ihracat\u0131n\u0131n Y\u0131ld\u0131zlar\u0131 \u00d6d\u00fcl T\u00f6reni 2019<\/span><\/span><\/span><\/article><\/div><div class='slide-entry-wrap'><article class='slide-entry flex_column  post-entry post-entry-3975 slide-entry-overview slide-loop-4 slide-parity-odd  post-entry-last  av_one_third first real-thumbnail post-format-standard'  itemscope=\"itemscope\" itemtype=\"https:\/\/schema.org\/CreativeWork\" ><a href='https:\/\/batiegemermer.com\/en\/2020-aytan-mermerde-ihracat-sampiyonluguna-abone-oldu\/' data-rel='slide-1' class='slide-image' title='2020 Aytan Mermerde ihracat \u015fampiyonlu\u011funa abone oldu'><img width=\"495\" height=\"400\" src=\"https:\/\/batiegemermer.com\/en\/wp-content\/uploads\/2021\/12\/aytan-mermer-haber-495x400.jpg\" class=\"wp-image-3745 avia-img-lazy-loading-not-3745 attachment-portfolio size-portfolio wp-post-image\" alt=\"\" \/><\/a><div class='slide-content'><header class=\"entry-content-header\"><h3 class='slide-entry-title entry-title '  itemprop=\"headline\" ><a href='https:\/\/batiegemermer.com\/en\/2020-aytan-mermerde-ihracat-sampiyonluguna-abone-oldu\/' title='2020 Aytan Mermerde ihracat \u015fampiyonlu\u011funa abone oldu'>2020 Aytan Mermerde ihracat \u015fampiyonlu\u011funa abone oldu<\/a><\/h3><span class=\"av-vertical-delimiter\"><\/span><\/header><\/div><footer class=\"entry-footer\"><\/footer><span class='hidden'>\n\t\t\t\t<span class='av-structured-data'  itemprop=\"image\" itemscope=\"itemscope\" itemtype=\"https:\/\/schema.org\/ImageObject\" >\n\t\t\t\t\t\t<span itemprop='url'>https:\/\/batiegemermer.com\/en\/wp-content\/uploads\/2021\/12\/aytan-mermer-haber.jpg<\/span>\n\t\t\t\t\t\t<span itemprop='height'>593<\/span>\n\t\t\t\t\t\t<span itemprop='width'>1200<\/span>\n\t\t\t\t<\/span>\n\t\t\t\t<span class='av-structured-data'  itemprop=\"publisher\" itemtype=\"https:\/\/schema.org\/Organization\" itemscope=\"itemscope\" >\n\t\t\t\t\t\t<span itemprop='name'>Lcv_Bti_eGe_Adm<\/span>\n\t\t\t\t\t\t<span itemprop='logo' itemscope itemtype='https:\/\/schema.org\/ImageObject'>\n\t\t\t\t\t\t\t<span itemprop='url'>https:\/\/batiegemermer.com\/wp-content\/uploads\/2021\/11\/bati-ege-mermer-logo.png<\/span>\n\t\t\t\t\t\t <\/span>\n\t\t\t\t<\/span><span class='av-structured-data'  itemprop=\"author\" itemscope=\"itemscope\" itemtype=\"https:\/\/schema.org\/Person\" ><span itemprop='name'>Lcv_Bti_eGe_Adm<\/span><\/span><span class='av-structured-data'  itemprop=\"datePublished\" datetime=\"2021-12-06T13:13:10+03:00\" >2022-01-06 13:21:56<\/span><span class='av-structured-data'  itemprop=\"dateModified\" itemtype=\"https:\/\/schema.org\/dateModified\" >2022-01-06 15:01:38<\/span><span class='av-structured-data'  itemprop=\"mainEntityOfPage\" itemtype=\"https:\/\/schema.org\/mainEntityOfPage\" ><span itemprop='name'>2020 Aytan Mermerde ihracat \u015fampiyonlu\u011funa abone oldu<\/span><\/span><\/span><\/article><\/div><\/div><\/div>\n\n","protected":false},"excerpt":{"rendered":"","protected":false},"author":1,"featured_media":0,"parent":0,"menu_order":0,"comment_status":"closed","ping_status":"closed","template":"","meta":[],"_links":{"self":[{"href":"https:\/\/batiegemermer.com\/en\/wp-json\/wp\/v2\/pages\/3744"}],"collection":[{"href":"https:\/\/batiegemermer.com\/en\/wp-json\/wp\/v2\/pages"}],"about":[{"href":"https:\/\/batiegemermer.com\/en\/wp-json\/wp\/v2\/types\/page"}],"author":[{"embeddable":true,"href":"https:\/\/batiegemermer.com\/en\/wp-json\/wp\/v2\/users\/1"}],"replies":[{"embeddable":true,"href":"https:\/\/batiegemermer.com\/en\/wp-json\/wp\/v2\/comments?post=3744"}],"version-history":[{"count":5,"href":"https:\/\/batiegemermer.com\/en\/wp-json\/wp\/v2\/pages\/3744\/revisions"}],"predecessor-version":[{"id":4251,"href":"https:\/\/batiegemermer.com\/en\/wp-json\/wp\/v2\/pages\/3744\/revisions\/4251"}],"wp:attachment":[{"href":"https:\/\/batiegemermer.com\/en\/wp-json\/wp\/v2\/media?parent=3744"}],"curies":[{"name":"wp","href":"https:\/\/api.w.org\/{rel}","templated":true}]}}